{"id":993,"date":"2020-02-13T13:06:31","date_gmt":"2020-02-13T13:06:31","guid":{"rendered":"https:\/\/the7.io\/elementor-business\/?page_id=993"},"modified":"2024-08-22T14:48:15","modified_gmt":"2024-08-22T12:48:15","slug":"services","status":"publish","type":"page","link":"https:\/\/zanancorp.com\/?page_id=993","title":{"rendered":"Domaines d&rsquo;intervention"},"content":{"rendered":"\t\t<div data-elementor-type=\"wp-page\" data-elementor-id=\"993\" class=\"elementor elementor-993\">\n\t\t\t\t\t\t<section class=\"elementor-section elementor-top-section elementor-element elementor-element-e215091 elementor-section-boxed elementor-section-height-default elementor-section-height-default\" data-id=\"e215091\" data-element_type=\"section\">\n\t\t\t\t\t\t<div class=\"elementor-container elementor-column-gap-wider\">\n\t\t\t\t\t<div class=\"elementor-column elementor-col-100 elementor-top-column elementor-element elementor-element-b2ce682\" data-id=\"b2ce682\" data-element_type=\"column\">\n\t\t\t<div class=\"elementor-widget-wrap elementor-element-populated\">\n\t\t\t\t\t\t<div class=\"elementor-element elementor-element-5bfa8f7 elementor-widget elementor-widget-text-editor\" data-id=\"5bfa8f7\" data-element_type=\"widget\" data-widget_type=\"text-editor.default\">\n\t\t\t\t<div class=\"elementor-widget-container\">\n\t\t\t\t\t\t\t\t\t<p>Notre vaste gamme de services informatiques vise \u00e0 r\u00e9pondre \u00e0 tous vos besoins technologiques<br \/>De la programmation informatique \u00e0 la gestion de r\u00e9seaux, en passant par la maintenance proactive, l&rsquo;administration experte de serveurs et bases de donn\u00e9es, nous offrons une expertise compl\u00e8te.<br \/>Nous sommes votre partenaire de confiance pour le d\u00e9veloppement de solutions logicielles sur mesure, la cr\u00e9ation et le maintien d&rsquo;infrastructures r\u00e9seau robustes, ainsi que la gestion efficace de vos syst\u00e8mes critiques. Notre engagement envers la qualit\u00e9 se manifeste dans notre offre de formations sp\u00e9cialis\u00e9es, vous permettant de rester \u00e0 la pointe des derni\u00e8res avanc\u00e9es technologiques.<\/p>\t\t\t\t\t\t\t\t<\/div>\n\t\t\t\t<\/div>\n\t\t\t\t\t<\/div>\n\t\t<\/div>\n\t\t\t\t\t<\/div>\n\t\t<\/section>\n\t\t<div class=\"elementor-element elementor-element-b3f10f7 e-flex e-con-boxed e-con e-parent\" data-id=\"b3f10f7\" data-element_type=\"container\">\n\t\t\t\t\t<div class=\"e-con-inner\">\n\t\t\t\t<div class=\"elementor-element elementor-element-8d9b5a9 elementor-widget elementor-widget-spacer\" data-id=\"8d9b5a9\" data-element_type=\"widget\" data-widget_type=\"spacer.default\">\n\t\t\t\t<div class=\"elementor-widget-container\">\n\t\t\t\t\t\t\t<div class=\"elementor-spacer\">\n\t\t\t<div class=\"elementor-spacer-inner\"><\/div>\n\t\t<\/div>\n\t\t\t\t\t\t<\/div>\n\t\t\t\t<\/div>\n\t\t\t\t\t<\/div>\n\t\t\t\t<\/div>\n\t\t\t\t<section class=\"elementor-section elementor-top-section elementor-element elementor-element-dce3581 elementor-section-boxed elementor-section-height-default elementor-section-height-default\" data-id=\"dce3581\" data-element_type=\"section\">\n\t\t\t\t\t\t<div class=\"elementor-container elementor-column-gap-wider\">\n\t\t\t\t\t<div class=\"elementor-column elementor-col-25 elementor-top-column elementor-element elementor-element-1233e49\" data-id=\"1233e49\" data-element_type=\"column\">\n\t\t\t<div class=\"elementor-widget-wrap elementor-element-populated\">\n\t\t\t\t\t\t<div class=\"elementor-element elementor-element-56a6993 elementor-widget elementor-widget-image\" data-id=\"56a6993\" data-element_type=\"widget\" data-widget_type=\"image.default\">\n\t\t\t\t<div class=\"elementor-widget-container\">\n\t\t\t\t\t\t\t\t\t\t\t\t\t\t\t<img fetchpriority=\"high\" decoding=\"async\" width=\"1024\" height=\"682\" src=\"https:\/\/zanancorp.com\/wp-content\/uploads\/2024\/08\/computer-5088602_1280-1024x682.jpg\" class=\"attachment-large size-large wp-image-5435\" alt=\"\" srcset=\"https:\/\/zanancorp.com\/wp-content\/uploads\/2024\/08\/computer-5088602_1280-1024x682.jpg 1024w, https:\/\/zanancorp.com\/wp-content\/uploads\/2024\/08\/computer-5088602_1280-300x200.jpg 300w, https:\/\/zanancorp.com\/wp-content\/uploads\/2024\/08\/computer-5088602_1280-768x512.jpg 768w, https:\/\/zanancorp.com\/wp-content\/uploads\/2024\/08\/computer-5088602_1280.jpg 1280w\" sizes=\"(max-width: 1024px) 100vw, 1024px\" \/>\t\t\t\t\t\t\t\t\t\t\t\t\t\t\t<\/div>\n\t\t\t\t<\/div>\n\t\t\t\t\t<\/div>\n\t\t<\/div>\n\t\t\t\t<div class=\"elementor-column elementor-col-25 elementor-top-column elementor-element elementor-element-46355a0\" data-id=\"46355a0\" data-element_type=\"column\">\n\t\t\t<div class=\"elementor-widget-wrap elementor-element-populated\">\n\t\t\t\t\t\t<div class=\"elementor-element elementor-element-2879fc7 elementor-widget elementor-widget-heading\" data-id=\"2879fc7\" data-element_type=\"widget\" data-widget_type=\"heading.default\">\n\t\t\t\t<div class=\"elementor-widget-container\">\n\t\t\t\t\t<h2 class=\"elementor-heading-title elementor-size-default\"><a href=\"https:\/\/zanancorp.com\/?page_id=5583\">Assistance \u00e0 maitrise d'ouvrage et \u00e0 maitrise d'oeuvre <\/a><\/h2>\t\t\t\t<\/div>\n\t\t\t\t<\/div>\n\t\t\t\t<div class=\"elementor-element elementor-element-694f8a0 elementor-widget elementor-widget-text-editor\" data-id=\"694f8a0\" data-element_type=\"widget\" data-widget_type=\"text-editor.default\">\n\t\t\t\t<div class=\"elementor-widget-container\">\n\t\t\t\t\t\t\t\t\t<p>Notre expertise en Assistance \u00e0 Ma\u00eetrise d&rsquo;Ouvrage (AMOA) et Ma\u00eetrise d\u2019OEuvre (AMOE) constitue le socle de notre engagement envers votre r\u00e9ussite. Nous vous accompagnons depuis la conception jusqu&rsquo;\u00e0 la r\u00e9alisation concr\u00e8te de vos projets informatiques.<\/p>\t\t\t\t\t\t\t\t<\/div>\n\t\t\t\t<\/div>\n\t\t\t\t\t<\/div>\n\t\t<\/div>\n\t\t\t\t<div class=\"elementor-column elementor-col-25 elementor-top-column elementor-element elementor-element-6eb1b45\" data-id=\"6eb1b45\" data-element_type=\"column\">\n\t\t\t<div class=\"elementor-widget-wrap elementor-element-populated\">\n\t\t\t\t\t\t<div class=\"elementor-element elementor-element-d40b1fa elementor-widget elementor-widget-image\" data-id=\"d40b1fa\" data-element_type=\"widget\" data-widget_type=\"image.default\">\n\t\t\t\t<div class=\"elementor-widget-container\">\n\t\t\t\t\t\t\t\t\t\t\t\t\t\t\t<img decoding=\"async\" width=\"1024\" height=\"683\" src=\"https:\/\/zanancorp.com\/wp-content\/uploads\/2024\/08\/close-up-man-repairing-computer-chips-1024x683.jpg\" class=\"attachment-large size-large wp-image-5422\" alt=\"\" srcset=\"https:\/\/zanancorp.com\/wp-content\/uploads\/2024\/08\/close-up-man-repairing-computer-chips-1024x683.jpg 1024w, https:\/\/zanancorp.com\/wp-content\/uploads\/2024\/08\/close-up-man-repairing-computer-chips-300x200.jpg 300w, https:\/\/zanancorp.com\/wp-content\/uploads\/2024\/08\/close-up-man-repairing-computer-chips-768x512.jpg 768w, https:\/\/zanancorp.com\/wp-content\/uploads\/2024\/08\/close-up-man-repairing-computer-chips-1536x1024.jpg 1536w, https:\/\/zanancorp.com\/wp-content\/uploads\/2024\/08\/close-up-man-repairing-computer-chips-2048x1365.jpg 2048w\" sizes=\"(max-width: 1024px) 100vw, 1024px\" \/>\t\t\t\t\t\t\t\t\t\t\t\t\t\t\t<\/div>\n\t\t\t\t<\/div>\n\t\t\t\t\t<\/div>\n\t\t<\/div>\n\t\t\t\t<div class=\"elementor-column elementor-col-25 elementor-top-column elementor-element elementor-element-42f1b1f\" data-id=\"42f1b1f\" data-element_type=\"column\">\n\t\t\t<div class=\"elementor-widget-wrap elementor-element-populated\">\n\t\t\t\t\t\t<div class=\"elementor-element elementor-element-fbc038d elementor-widget elementor-widget-heading\" data-id=\"fbc038d\" data-element_type=\"widget\" data-widget_type=\"heading.default\">\n\t\t\t\t<div class=\"elementor-widget-container\">\n\t\t\t\t\t<h2 class=\"elementor-heading-title elementor-size-default\"><a href=\"https:\/\/zanancorp.com\/?page_id=5585\">Audite Informatique<\/a><\/h2>\t\t\t\t<\/div>\n\t\t\t\t<\/div>\n\t\t\t\t<div class=\"elementor-element elementor-element-2db36b2 elementor-widget elementor-widget-text-editor\" data-id=\"2db36b2\" data-element_type=\"widget\" data-widget_type=\"text-editor.default\">\n\t\t\t\t<div class=\"elementor-widget-container\">\n\t\t\t\t\t\t\t\t\t<p>Notre engagement envers l&rsquo;excellence informatique se refl\u00e8te dans nos services d&rsquo;audit approfondi. Nous \u00e9valuons la robustesse, la s\u00e9curit\u00e9 et l&rsquo;efficacit\u00e9 de vos syst\u00e8mes informatiques pour vous fournir une vision claire de votre infrastructure.<\/p>\t\t\t\t\t\t\t\t<\/div>\n\t\t\t\t<\/div>\n\t\t\t\t\t<\/div>\n\t\t<\/div>\n\t\t\t\t\t<\/div>\n\t\t<\/section>\n\t\t\t\t<section class=\"elementor-section elementor-top-section elementor-element elementor-element-3a2bf3d elementor-section-boxed elementor-section-height-default elementor-section-height-default\" data-id=\"3a2bf3d\" data-element_type=\"section\">\n\t\t\t\t\t\t<div class=\"elementor-container elementor-column-gap-wider\">\n\t\t\t\t\t<div class=\"elementor-column elementor-col-25 elementor-top-column elementor-element elementor-element-4f5fd3e\" data-id=\"4f5fd3e\" data-element_type=\"column\">\n\t\t\t<div class=\"elementor-widget-wrap elementor-element-populated\">\n\t\t\t\t\t\t<div class=\"elementor-element elementor-element-d4bdcf4 elementor-widget elementor-widget-image\" data-id=\"d4bdcf4\" data-element_type=\"widget\" data-widget_type=\"image.default\">\n\t\t\t\t<div class=\"elementor-widget-container\">\n\t\t\t\t\t\t\t\t\t\t\t\t\t\t\t<img decoding=\"async\" width=\"1024\" height=\"683\" src=\"https:\/\/zanancorp.com\/wp-content\/uploads\/2024\/08\/data-5606639_1280-1024x683.jpg\" class=\"attachment-large size-large wp-image-5436\" alt=\"\" srcset=\"https:\/\/zanancorp.com\/wp-content\/uploads\/2024\/08\/data-5606639_1280-1024x683.jpg 1024w, https:\/\/zanancorp.com\/wp-content\/uploads\/2024\/08\/data-5606639_1280-300x200.jpg 300w, https:\/\/zanancorp.com\/wp-content\/uploads\/2024\/08\/data-5606639_1280-768x512.jpg 768w, https:\/\/zanancorp.com\/wp-content\/uploads\/2024\/08\/data-5606639_1280.jpg 1280w\" sizes=\"(max-width: 1024px) 100vw, 1024px\" \/>\t\t\t\t\t\t\t\t\t\t\t\t\t\t\t<\/div>\n\t\t\t\t<\/div>\n\t\t\t\t\t<\/div>\n\t\t<\/div>\n\t\t\t\t<div class=\"elementor-column elementor-col-25 elementor-top-column elementor-element elementor-element-8c7fda2\" data-id=\"8c7fda2\" data-element_type=\"column\">\n\t\t\t<div class=\"elementor-widget-wrap elementor-element-populated\">\n\t\t\t\t\t\t<div class=\"elementor-element elementor-element-f05f575 elementor-widget elementor-widget-heading\" data-id=\"f05f575\" data-element_type=\"widget\" data-widget_type=\"heading.default\">\n\t\t\t\t<div class=\"elementor-widget-container\">\n\t\t\t\t\t<h2 class=\"elementor-heading-title elementor-size-default\"><a href=\"https:\/\/zanancorp.com\/?page_id=5587\">Service<\/a><\/h2>\t\t\t\t<\/div>\n\t\t\t\t<\/div>\n\t\t\t\t<div class=\"elementor-element elementor-element-762d281 elementor-widget elementor-widget-text-editor\" data-id=\"762d281\" data-element_type=\"widget\" data-widget_type=\"text-editor.default\">\n\t\t\t\t<div class=\"elementor-widget-container\">\n\t\t\t\t\t\t\t\t\t<p>Notre vaste gamme de services informatiques vise \u00e0 r\u00e9pondre \u00e0 tous vos besoins technologiques<br \/>De la programmation informatique \u00e0 la gestion de r\u00e9seaux, en passant par la maintenance proactive, l&rsquo;administration experte de serveurs et bases de donn\u00e9es, nous offrons une expertise compl\u00e8te.<\/p>\t\t\t\t\t\t\t\t<\/div>\n\t\t\t\t<\/div>\n\t\t\t\t\t<\/div>\n\t\t<\/div>\n\t\t\t\t<div class=\"elementor-column elementor-col-25 elementor-top-column elementor-element elementor-element-9d99343\" data-id=\"9d99343\" data-element_type=\"column\">\n\t\t\t<div class=\"elementor-widget-wrap elementor-element-populated\">\n\t\t\t\t\t\t<div class=\"elementor-element elementor-element-1c6d6be elementor-widget elementor-widget-image\" data-id=\"1c6d6be\" data-element_type=\"widget\" data-widget_type=\"image.default\">\n\t\t\t\t<div class=\"elementor-widget-container\">\n\t\t\t\t\t\t\t\t\t\t\t\t\t\t\t<img loading=\"lazy\" decoding=\"async\" width=\"1024\" height=\"538\" src=\"https:\/\/zanancorp.com\/wp-content\/uploads\/2024\/08\/computer-network-t-1024x538.jpg\" class=\"attachment-large size-large wp-image-5426\" alt=\"\" srcset=\"https:\/\/zanancorp.com\/wp-content\/uploads\/2024\/08\/computer-network-t-1024x538.jpg 1024w, https:\/\/zanancorp.com\/wp-content\/uploads\/2024\/08\/computer-network-t-300x158.jpg 300w, https:\/\/zanancorp.com\/wp-content\/uploads\/2024\/08\/computer-network-t-768x403.jpg 768w, https:\/\/zanancorp.com\/wp-content\/uploads\/2024\/08\/computer-network-t.jpg 1200w\" sizes=\"(max-width: 1024px) 100vw, 1024px\" \/>\t\t\t\t\t\t\t\t\t\t\t\t\t\t\t<\/div>\n\t\t\t\t<\/div>\n\t\t\t\t\t<\/div>\n\t\t<\/div>\n\t\t\t\t<div class=\"elementor-column elementor-col-25 elementor-top-column elementor-element elementor-element-300b716\" data-id=\"300b716\" data-element_type=\"column\">\n\t\t\t<div class=\"elementor-widget-wrap elementor-element-populated\">\n\t\t\t\t\t\t<div class=\"elementor-element elementor-element-3127a23 elementor-widget elementor-widget-heading\" data-id=\"3127a23\" data-element_type=\"widget\" data-widget_type=\"heading.default\">\n\t\t\t\t<div class=\"elementor-widget-container\">\n\t\t\t\t\t<h2 class=\"elementor-heading-title elementor-size-default\"><a href=\"https:\/\/zanancorp.com\/?page_id=5589\">Pilotage de projet<\/a><\/h2>\t\t\t\t<\/div>\n\t\t\t\t<\/div>\n\t\t\t\t<div class=\"elementor-element elementor-element-cf39979 elementor-widget elementor-widget-text-editor\" data-id=\"cf39979\" data-element_type=\"widget\" data-widget_type=\"text-editor.default\">\n\t\t\t\t<div class=\"elementor-widget-container\">\n\t\t\t\t\t\t\t\t\t<p>Notre service de Pilotage de Projets se distingue par son approche experte et sur-mesure, con\u00e7ue pour transformer vos id\u00e9es en r\u00e9alisations concr\u00e8tes. Nous mettons \u00e0 votre disposition une \u00e9quipe chevronn\u00e9e, sp\u00e9cialis\u00e9e dans l&rsquo;\u00e9laboration d&rsquo;architectures techniques et fonctionnelles robustes.<\/p>\t\t\t\t\t\t\t\t<\/div>\n\t\t\t\t<\/div>\n\t\t\t\t\t<\/div>\n\t\t<\/div>\n\t\t\t\t\t<\/div>\n\t\t<\/section>\n\t\t\t\t<\/div>\n\t\t","protected":false},"excerpt":{"rendered":"<p>Notre vaste gamme de services informatiques vise \u00e0 r\u00e9pondre \u00e0 tous vos besoins technologiquesDe la programmation informatique \u00e0 la gestion de r\u00e9seaux, en passant par la maintenance proactive, l&rsquo;administration experte de serveurs et bases de donn\u00e9es, nous offrons une expertise compl\u00e8te.Nous sommes votre partenaire de confiance pour le d\u00e9veloppement de solutions logicielles sur mesure, la&hellip;<\/p>\n","protected":false},"author":1,"featured_media":455,"parent":0,"menu_order":40,"comment_status":"closed","ping_status":"closed","template":"","meta":{"footnotes":""},"class_list":["post-993","page","type-page","status-publish","has-post-thumbnail","hentry"],"_links":{"self":[{"href":"https:\/\/zanancorp.com\/index.php?rest_route=\/wp\/v2\/pages\/993","targetHints":{"allow":["GET"]}}],"collection":[{"href":"https:\/\/zanancorp.com\/index.php?rest_route=\/wp\/v2\/pages"}],"about":[{"href":"https:\/\/zanancorp.com\/index.php?rest_route=\/wp\/v2\/types\/page"}],"author":[{"embeddable":true,"href":"https:\/\/zanancorp.com\/index.php?rest_route=\/wp\/v2\/users\/1"}],"replies":[{"embeddable":true,"href":"https:\/\/zanancorp.com\/index.php?rest_route=%2Fwp%2Fv2%2Fcomments&post=993"}],"version-history":[{"count":19,"href":"https:\/\/zanancorp.com\/index.php?rest_route=\/wp\/v2\/pages\/993\/revisions"}],"predecessor-version":[{"id":5616,"href":"https:\/\/zanancorp.com\/index.php?rest_route=\/wp\/v2\/pages\/993\/revisions\/5616"}],"wp:featuredmedia":[{"embeddable":true,"href":"https:\/\/zanancorp.com\/index.php?rest_route=\/wp\/v2\/media\/455"}],"wp:attachment":[{"href":"https:\/\/zanancorp.com\/index.php?rest_route=%2Fwp%2Fv2%2Fmedia&parent=993"}],"curies":[{"name":"wp","href":"https:\/\/api.w.org\/{rel}","templated":true}]}}