{"id":5587,"date":"2024-08-16T17:13:22","date_gmt":"2024-08-16T15:13:22","guid":{"rendered":"https:\/\/zanancorp.com\/?page_id=5587"},"modified":"2024-08-22T14:46:48","modified_gmt":"2024-08-22T12:46:48","slug":"service","status":"publish","type":"page","link":"https:\/\/zanancorp.com\/?page_id=5587","title":{"rendered":"Service"},"content":{"rendered":"\t\t<div data-elementor-type=\"wp-page\" data-elementor-id=\"5587\" class=\"elementor elementor-5587\">\n\t\t\t\t<div class=\"elementor-element elementor-element-aa449a9 e-flex e-con-boxed e-con e-parent\" data-id=\"aa449a9\" data-element_type=\"container\">\n\t\t\t\t\t<div class=\"e-con-inner\">\n\t\t\t\t<div class=\"elementor-element elementor-element-d8ce017 elementor-widget elementor-widget-text-editor\" data-id=\"d8ce017\" data-element_type=\"widget\" data-widget_type=\"text-editor.default\">\n\t\t\t\t<div class=\"elementor-widget-container\">\n\t\t\t\t\t\t\t\t\t<p>Notre vaste gamme de services informatiques vise \u00e0 r\u00e9pondre \u00e0 tous vos besoins technologiques<br \/>De la programmation informatique \u00e0 la gestion de r\u00e9seaux, en passant par la maintenance proactive, l&rsquo;administration experte de serveurs et bases de donn\u00e9es, nous offrons une expertise compl\u00e8te.<br \/>Nous sommes votre partenaire de confiance pour le d\u00e9veloppement de solutions logicielles sur mesure, la cr\u00e9ation et le maintien d&rsquo;infrastructures r\u00e9seau robustes, ainsi que la gestion efficace de vos syst\u00e8mes critiques. Notre engagement envers la qualit\u00e9 se manifeste dans notre offre de formations sp\u00e9cialis\u00e9es, vous permettant de rester \u00e0 la pointe des derni\u00e8res avanc\u00e9es technologiques.<br \/>Chez ZANAN CORPORATE, nous sommes bien plus qu&rsquo;un prestataire de services informatiques. Nous sommes votre alli\u00e9 dans la transformation num\u00e9rique, travaillant de concert avec vous pour atteindre l&rsquo;excellence op\u00e9rationnelle.<\/p>\t\t\t\t\t\t\t\t<\/div>\n\t\t\t\t<\/div>\n\t\t\t\t\t<\/div>\n\t\t\t\t<\/div>\n\t\t\t\t<\/div>\n\t\t","protected":false},"excerpt":{"rendered":"<p>Notre vaste gamme de services informatiques vise \u00e0 r\u00e9pondre \u00e0 tous vos besoins technologiquesDe la programmation informatique \u00e0 la gestion de r\u00e9seaux, en passant par la maintenance proactive, l&rsquo;administration experte de serveurs et bases de donn\u00e9es, nous offrons une expertise compl\u00e8te.Nous sommes votre partenaire de confiance pour le d\u00e9veloppement de solutions logicielles sur mesure, la&hellip;<\/p>\n","protected":false},"author":1,"featured_media":0,"parent":0,"menu_order":0,"comment_status":"closed","ping_status":"closed","template":"","meta":{"footnotes":""},"class_list":["post-5587","page","type-page","status-publish","hentry"],"_links":{"self":[{"href":"https:\/\/zanancorp.com\/index.php?rest_route=\/wp\/v2\/pages\/5587","targetHints":{"allow":["GET"]}}],"collection":[{"href":"https:\/\/zanancorp.com\/index.php?rest_route=\/wp\/v2\/pages"}],"about":[{"href":"https:\/\/zanancorp.com\/index.php?rest_route=\/wp\/v2\/types\/page"}],"author":[{"embeddable":true,"href":"https:\/\/zanancorp.com\/index.php?rest_route=\/wp\/v2\/users\/1"}],"replies":[{"embeddable":true,"href":"https:\/\/zanancorp.com\/index.php?rest_route=%2Fwp%2Fv2%2Fcomments&post=5587"}],"version-history":[{"count":7,"href":"https:\/\/zanancorp.com\/index.php?rest_route=\/wp\/v2\/pages\/5587\/revisions"}],"predecessor-version":[{"id":5680,"href":"https:\/\/zanancorp.com\/index.php?rest_route=\/wp\/v2\/pages\/5587\/revisions\/5680"}],"wp:attachment":[{"href":"https:\/\/zanancorp.com\/index.php?rest_route=%2Fwp%2Fv2%2Fmedia&parent=5587"}],"curies":[{"name":"wp","href":"https:\/\/api.w.org\/{rel}","templated":true}]}}