{"id":5585,"date":"2024-08-16T17:12:21","date_gmt":"2024-08-16T15:12:21","guid":{"rendered":"https:\/\/zanancorp.com\/?page_id=5585"},"modified":"2024-08-22T14:36:38","modified_gmt":"2024-08-22T12:36:38","slug":"audite-informatique","status":"publish","type":"page","link":"https:\/\/zanancorp.com\/?page_id=5585","title":{"rendered":"Audite Informatique"},"content":{"rendered":"\t\t<div data-elementor-type=\"wp-page\" data-elementor-id=\"5585\" class=\"elementor elementor-5585\">\n\t\t\t\t<div class=\"elementor-element elementor-element-37a7999 e-flex e-con-boxed e-con e-parent\" data-id=\"37a7999\" data-element_type=\"container\">\n\t\t\t\t\t<div class=\"e-con-inner\">\n\t\t\t\t<div class=\"elementor-element elementor-element-cd3c14c elementor-widget elementor-widget-text-editor\" data-id=\"cd3c14c\" data-element_type=\"widget\" data-widget_type=\"text-editor.default\">\n\t\t\t\t<div class=\"elementor-widget-container\">\n\t\t\t\t\t\t\t\t\t<p>Notre engagement envers l&rsquo;excellence informatique se refl\u00e8te dans nos services d&rsquo;audit approfondi. Nous \u00e9valuons la robustesse, la s\u00e9curit\u00e9 et l&rsquo;efficacit\u00e9 de vos syst\u00e8mes informatiques pour vous fournir une vision claire de votre infrastructure.<br \/>Chez ZANAN CORPORATE, nous sommes bien plus qu&rsquo;une \u00e9quipe d&rsquo;auditeurs. Nous sommes vos conseillers strat\u00e9giques, vous guidant vers une infrastructure informatique fiable et adapt\u00e9e \u00e0 vos besoins sp\u00e9cifiques. Notre approche proactive garantit que votre entreprise est pr\u00eate pour les d\u00e9fis \u00e0 venir.<br \/>Faites confiance \u00e0 notre expertise pour transformer vos d\u00e9fis informatiques en opportunit\u00e9s num\u00e9riques.<\/p>\t\t\t\t\t\t\t\t<\/div>\n\t\t\t\t<\/div>\n\t\t\t\t\t<\/div>\n\t\t\t\t<\/div>\n\t\t\t\t<\/div>\n\t\t","protected":false},"excerpt":{"rendered":"<p>Notre engagement envers l&rsquo;excellence informatique se refl\u00e8te dans nos services d&rsquo;audit approfondi. Nous \u00e9valuons la robustesse, la s\u00e9curit\u00e9 et l&rsquo;efficacit\u00e9 de vos syst\u00e8mes informatiques pour vous fournir une vision claire de votre infrastructure.Chez ZANAN CORPORATE, nous sommes bien plus qu&rsquo;une \u00e9quipe d&rsquo;auditeurs. Nous sommes vos conseillers strat\u00e9giques, vous guidant vers une infrastructure informatique fiable et&hellip;<\/p>\n","protected":false},"author":1,"featured_media":0,"parent":0,"menu_order":0,"comment_status":"closed","ping_status":"closed","template":"","meta":{"footnotes":""},"class_list":["post-5585","page","type-page","status-publish","hentry"],"_links":{"self":[{"href":"https:\/\/zanancorp.com\/index.php?rest_route=\/wp\/v2\/pages\/5585","targetHints":{"allow":["GET"]}}],"collection":[{"href":"https:\/\/zanancorp.com\/index.php?rest_route=\/wp\/v2\/pages"}],"about":[{"href":"https:\/\/zanancorp.com\/index.php?rest_route=\/wp\/v2\/types\/page"}],"author":[{"embeddable":true,"href":"https:\/\/zanancorp.com\/index.php?rest_route=\/wp\/v2\/users\/1"}],"replies":[{"embeddable":true,"href":"https:\/\/zanancorp.com\/index.php?rest_route=%2Fwp%2Fv2%2Fcomments&post=5585"}],"version-history":[{"count":10,"href":"https:\/\/zanancorp.com\/index.php?rest_route=\/wp\/v2\/pages\/5585\/revisions"}],"predecessor-version":[{"id":5683,"href":"https:\/\/zanancorp.com\/index.php?rest_route=\/wp\/v2\/pages\/5585\/revisions\/5683"}],"wp:attachment":[{"href":"https:\/\/zanancorp.com\/index.php?rest_route=%2Fwp%2Fv2%2Fmedia&parent=5585"}],"curies":[{"name":"wp","href":"https:\/\/api.w.org\/{rel}","templated":true}]}}